{"id":529,"date":"2026-01-27T09:45:49","date_gmt":"2026-01-27T09:45:49","guid":{"rendered":"https:\/\/hfnepal.org\/?page_id=529"},"modified":"2026-01-27T09:46:18","modified_gmt":"2026-01-27T09:46:18","slug":"qui-sommes-nous","status":"publish","type":"page","link":"https:\/\/hfnepal.org\/?page_id=529&lang=fr","title":{"rendered":"Qui sommes-nous"},"content":{"rendered":"\t\t<div data-elementor-type=\"wp-page\" data-elementor-id=\"529\" class=\"elementor elementor-529\">\n\t\t\t\t<div class=\"elementor-element elementor-element-66ff155 e-flex e-con-boxed e-con e-parent\" data-id=\"66ff155\" data-element_type=\"container\">\n\t\t\t\t\t<div class=\"e-con-inner\">\n\t\t\t\t<div class=\"elementor-element elementor-element-d07a446 elementor-widget elementor-widget-text-editor\" data-id=\"d07a446\" data-element_type=\"widget\" data-widget_type=\"text-editor.default\">\n\t\t\t\t\t\t\t\t\t<p><span style=\"color: #000000;\">Helping Friends Nepal (HFN) est une <strong>organisation non gouvernementale (ONG) \u00e0 but non lucratif, non politique et non religieuse<\/strong>, enregistr\u00e9e aupr\u00e8s du gouvernement du N\u00e9pal et affili\u00e9e au <strong>Social Welfare Council<\/strong>. HFN a \u00e9t\u00e9 fond\u00e9e en <strong>2011<\/strong> par un groupe de jeunes travailleurs sociaux n\u00e9palais motiv\u00e9s, partageant la vision d\u2019am\u00e9liorer <strong>l\u2019\u00e9ducation, la sant\u00e9 et les conditions de vie<\/strong> des enfants d\u00e9favoris\u00e9s, pauvres ou orphelins des r\u00e9gions montagneuses et vallonn\u00e9es du N\u00e9pal.<\/span><\/p><p><span style=\"color: #000000;\">Notre action se concentre particuli\u00e8rement sur les <strong>districts isol\u00e9s<\/strong> tels que <strong>Khotang, Solukhumbu, Rasuwa et Sankhuwasabha<\/strong>, o\u00f9 l\u2019acc\u00e8s \u00e0 l\u2019\u00e9ducation de base est extr\u00eamement limit\u00e9 en raison de la g\u00e9ographie, de la pauvret\u00e9 et d\u2019infrastructures sous-d\u00e9velopp\u00e9es. HFN identifie les enfants qui ne peuvent pas poursuivre leur \u00e9ducation en raison de la situation \u00e9conomique de leurs familles et leur apporte un soutien \u00e0 long terme.<\/span><\/p><div contenteditable=\"false\"><hr \/><\/div><h2><span style=\"color: #000000;\">Notre Histoire<\/span><\/h2><p><span style=\"color: #000000;\">Helping Friends Nepal a commenc\u00e9 par une initiative tr\u00e8s modeste mais sinc\u00e8re. Au d\u00e9but, l\u2019\u00e9quipe fondatrice a personnellement <strong>collect\u00e9 des fonds pour soutenir trois enfants<\/strong> de familles de porteurs de montagne, leur apportant <strong>10 000 roupies n\u00e9palaises par enfant et par an<\/strong> pour leur \u00e9ducation. Bien que cette somme <strong>ne suffisait pas \u00e0 couvrir une ann\u00e9e compl\u00e8te de scolarit\u00e9<\/strong>, elle refl\u00e9tait notre esprit et notre engagement \u00e0 aider <strong>les enfants de porteurs de montagne<\/strong>, pas \u00e0 pas.<\/span><\/p><p><span style=\"color: #000000;\">Un tournant important est survenu en <strong>2013<\/strong>, lorsque <strong>Bernard Davy<\/strong>, pr\u00e9sident de <strong>Emma\u00fcs 53 (France)<\/strong>, est venu au N\u00e9pal. Il s\u2019est fortement int\u00e9ress\u00e9 \u00e0 notre projet et a cru profond\u00e9ment en notre mission. Gr\u00e2ce \u00e0 ses encouragements et efforts positifs continus, Helping Friends Nepal a connu une croissance significative.<\/span><\/p><p><span style=\"color: #000000;\">Aujourd\u2019hui, <strong>53 enfants de porteurs de montagne sont parrain\u00e9s<\/strong> et soutenus dans leur \u00e9ducation. Au-del\u00e0 des bourses, HFN a \u00e9largi son impact social \u00e0 travers plusieurs initiatives significatives. Pendant la <strong>pand\u00e9mie de COVID-19<\/strong>, nous avons pu mettre en place des <strong>programmes de secours pour les familles de porteurs de montagne<\/strong>, avec le soutien financier de <strong>Emma\u00fcs 35<\/strong>. De plus, nous soutenons plusieurs <strong>\u00e9coles publiques<\/strong> en fournissant des <strong>mat\u00e9riels de sport et de jeux, fournitures scolaires et livres pour les biblioth\u00e8ques scolaires<\/strong>, contribuant ainsi \u00e0 un meilleur environnement d\u2019apprentissage pour les enfants.<\/span><\/p><div contenteditable=\"false\"><hr \/><\/div><h2><span style=\"color: #000000;\">Notre Mission<\/span><\/h2><p><span style=\"color: #000000;\">L\u2019objectif principal de Helping Friends Nepal est d\u2019offrir aux enfants un <strong>environnement s\u00fbr, bienveillant et familial<\/strong>, leur donner acc\u00e8s \u00e0 une <strong>\u00e9ducation de qualit\u00e9<\/strong>, et, \u00e0 long terme, leur permettre de devenir des adultes <strong>ind\u00e9pendants et autonomes<\/strong>.<\/span><\/p><p><span style=\"color: #000000;\">HFN est convaincu que l\u2019\u00e9ducation est l\u2019un des outils les plus puissants pour un <strong>d\u00e9veloppement durable<\/strong>. De nombreuses personnes et groupes qui connaissent et aiment le N\u00e9pal souhaitent contribuer \u00e0 l\u2019avenir du pays, et investir dans l\u2019\u00e9ducation des enfants est l\u2019un des moyens les plus efficaces d\u2019y parvenir.<\/span><\/p><div contenteditable=\"false\"><hr \/><\/div><h2><span style=\"color: #000000;\">Notre Engagement<\/span><\/h2><p><span style=\"color: #000000;\">Le N\u00e9pal est un pays o\u00f9 une grande partie de la population fait encore face \u00e0 de s\u00e9rieux d\u00e9fis socio-\u00e9conomiques. Selon les donn\u00e9es internationales, la pauvret\u00e9, la malnutrition et le faible taux d\u2019alphab\u00e9tisation privent encore de nombreux enfants de leur <strong>droit fondamental \u00e0 l\u2019\u00e9ducation<\/strong>. En cons\u00e9quence, des probl\u00e8mes tels que le <strong>travail des enfants, le travail forc\u00e9, la discrimination envers les femmes et le trafic de jeunes filles<\/strong> persistent dans les communaut\u00e9s vuln\u00e9rables.<\/span><\/p><p><span style=\"color: #000000;\">Malgr\u00e9 ces difficult\u00e9s, le peuple n\u00e9palais est reconnu pour sa <strong>chaleur, sa r\u00e9silience et ses sourires sinc\u00e8res<\/strong>. Helping Friends Nepal s\u2019engage \u00e0 soutenir ces communaut\u00e9s en leur apportant <strong>\u00e9ducation, alimentation, soins de sant\u00e9 et assistance sociale<\/strong>.<\/span><\/p><p><span style=\"color: #000000;\">Toute forme de soutien est bienvenue et profond\u00e9ment appr\u00e9ci\u00e9e : <strong>fournitures scolaires, v\u00eatements, nourriture, contributions financi\u00e8res, temps ou mots bienveillants<\/strong>. Ensemble, nous pouvons aider les enfants \u00e0 construire un avenir meilleur.<\/span><\/p>\t\t\t\t\t\t\t\t<\/div>\n\t\t\t\t\t<\/div>\n\t\t\t\t<\/div>\n\t\t\t\t<\/div>\n\t\t","protected":false},"excerpt":{"rendered":"<p>Helping Friends Nepal (HFN) est une organisation non gouvernementale (ONG) \u00e0 but non lucratif, non politique et non religieuse, enregistr\u00e9e aupr\u00e8s du gouvernement du N\u00e9pal et affili\u00e9e au Social Welfare Council. HFN a \u00e9t\u00e9 fond\u00e9e en 2011 par un groupe de jeunes travailleurs sociaux n\u00e9palais motiv\u00e9s, partageant la vision d\u2019am\u00e9liorer l\u2019\u00e9ducation, la sant\u00e9 et les [&hellip;]<\/p>\n","protected":false},"author":1,"featured_media":0,"parent":0,"menu_order":0,"comment_status":"closed","ping_status":"closed","template":"","meta":{"_regular_price":[],"currency_symbol":[],"footnotes":""},"class_list":["post-529","page","type-page","status-publish","hentry"],"post_slider_layout_featured_media_urls":{"thumbnail":"","post_slider_layout_landscape_large":"","post_slider_layout_portrait_large":"","post_slider_layout_square_large":"","post_slider_layout_landscape":"","post_slider_layout_portrait":"","post_slider_layout_square":"","full":""},"_links":{"self":[{"href":"https:\/\/hfnepal.org\/index.php?rest_route=\/wp\/v2\/pages\/529","targetHints":{"allow":["GET"]}}],"collection":[{"href":"https:\/\/hfnepal.org\/index.php?rest_route=\/wp\/v2\/pages"}],"about":[{"href":"https:\/\/hfnepal.org\/index.php?rest_route=\/wp\/v2\/types\/page"}],"author":[{"embeddable":true,"href":"https:\/\/hfnepal.org\/index.php?rest_route=\/wp\/v2\/users\/1"}],"replies":[{"embeddable":true,"href":"https:\/\/hfnepal.org\/index.php?rest_route=%2Fwp%2Fv2%2Fcomments&post=529"}],"version-history":[{"count":4,"href":"https:\/\/hfnepal.org\/index.php?rest_route=\/wp\/v2\/pages\/529\/revisions"}],"predecessor-version":[{"id":534,"href":"https:\/\/hfnepal.org\/index.php?rest_route=\/wp\/v2\/pages\/529\/revisions\/534"}],"wp:attachment":[{"href":"https:\/\/hfnepal.org\/index.php?rest_route=%2Fwp%2Fv2%2Fmedia&parent=529"}],"curies":[{"name":"wp","href":"https:\/\/api.w.org\/{rel}","templated":true}]}}